{"id":595,"date":"2021-03-09T11:56:42","date_gmt":"2021-03-09T11:56:42","guid":{"rendered":"http:\/\/podar.pl\/?page_id=595"},"modified":"2023-06-15T20:29:40","modified_gmt":"2023-06-15T20:29:40","slug":"home","status":"publish","type":"page","link":"https:\/\/podar.pl\/","title":{"rendered":"Home"},"content":{"rendered":"<div id='full_slider_1' class='avia-fullwidth-slider main_color avia-shadow   avia-builder-el-0  el_before_av_hr  avia-builder-el-first  jumbotron container_wrap sidebar_right' style=' '  ><div  data-size='featured'  data-lightbox_size='large'  data-animation='fade'  data-conditional_play=''  data-ids='837'  data-video_counter='0'  data-autoplay='false'  data-bg_slider='false'  data-slide_height=''  data-handle='av_slideshow_full'  data-interval='5'  data-class=' '  data-css_id=''  data-scroll_down=''  data-control_layout='av-control-default'  data-custom_markup=''  data-perma_caption=''  data-autoplay_stopper=''  data-image_attachment=''  data-min_height='0px'  data-src=''  data-position='top left'  data-repeat='no-repeat'  data-attach='scroll'  data-stretch=''  data-default-height='28.666666666667'  class='avia-slideshow avia-slideshow-1  av-control-default av-default-height-applied avia-slideshow-featured av_slideshow_full   avia-fade-slider '  itemprop=\"ImageObject\" itemscope=\"itemscope\" itemtype=\"https:\/\/schema.org\/ImageObject\" ><ul class='avia-slideshow-inner ' style='padding-bottom: 41.9921875%;' ><li  class=' av-single-slide slide-1 ' ><div data-rel='slideshow-1' class='avia-slide-wrap '   ><div class = \"caption_fullwidth av-slideshow-caption caption_center\"><div class = \"container caption_container\"><div class = \"slideshow_caption\"><div class = \"slideshow_inner_caption\"><div class = \"slideshow_align_caption\"><h2  style='font-size:35px; color:#ffffff; ' class='avia-caption-title '  itemprop=\"name\" >Niezast\u0105pieni w energetyce<\/h2><div class='avia-caption-content  av_inherit_color'  itemprop=\"description\"   style='font-size:20px; color:#ffffff; '><p>Poznaj nas. Zaufaj profesjonalistom.<\/p>\n<\/div><a href='https:\/\/podar.pl\/?page_id=867'  class='avia-slideshow-button avia-button avia-color-theme-color avia-multi-slideshow-button' data-duration='800' data-easing='easeInOutQuad'>Oferta<\/a><a href='https:\/\/podar.pl\/?page_id=989'  class='avia-slideshow-button avia-button avia-color-light avia-multi-slideshow-button avia-slideshow-button-2' data-duration='800' data-easing='easeInOutQuad'>Realizacje<\/a><\/div><\/div><\/div><\/div><\/div><img src='https:\/\/podar.pl\/wp-content\/uploads\/2021\/03\/podarheaderfinal-1024x430.png' width='1024' height='430' title='podarheaderfinal' alt=''  itemprop=\"thumbnailUrl\"   \/><div class='av-section-color-overlay' style='opacity: 0.2; background-color: #000000; '><\/div><\/div><\/li><\/ul><\/div><\/div><div id='after_full_slider_1' class='main_color av_default_container_wrap container_wrap sidebar_right' style=' '  ><div class='container' ><div class='template-page content  av-content-small alpha units'><div class='post-entry post-entry-type-page post-entry-595'><div class='entry-content-wrapper clearfix'>\n<div style='height:50px' class='hr hr-invisible   avia-builder-el-1  el_after_av_slideshow_full  el_before_av_three_fifth  avia-builder-el-first '><span class='hr-inner ' ><span class='hr-inner-style'><\/span><\/span><\/div>\n<div class='flex_column_table av-equal-height-column-flextable -flextable' ><div class=\"flex_column av_three_fifth  av-animated-generic pop-up  flex_column_table_cell av-equal-height-column av-align-middle av-zero-column-padding first  avia-builder-el-2  el_after_av_hr  el_before_av_two_fifth   \" style='border-radius:0px; '><p><div style='padding-bottom:5px; color:#ff616f;' class='av-special-heading av-special-heading-h3 custom-color-heading blockquote modern-quote  avia-builder-el-3  el_before_av_hr  avia-builder-el-first   '><h3 class='av-special-heading-tag '  itemprop=\"headline\"  >O nas<\/h3><div class='special-heading-border'><div class='special-heading-inner-border' style='border-color:#ff616f'><\/div><\/div><\/div><br \/>\n<div style=' margin-top:0px; margin-bottom:10px;'  class='hr hr-custom hr-left hr-icon-no   avia-builder-el-4  el_after_av_heading  el_before_av_textblock  '><span class='hr-inner   inner-border-av-border-thin' style=' width:30px; border-color:#ff616f;' ><span class='hr-inner-style'><\/span><\/span><\/div><br \/>\n<section class=\"av_textblock_section \"  itemscope=\"itemscope\" itemtype=\"https:\/\/schema.org\/CreativeWork\" ><div class='avia_textblock  '   itemprop=\"text\" ><p>Dzia\u0142amy w bran\u017cy energetycznej i AKPiA od ponad 20 lat. Jeste\u015bmy obecni przy budowach i modernizacjach obiekt\u00f3w przemys\u0142owych, energetycznych, hotelowych, wielomieszkaniowych, oczyszczalni \u015bciek\u00f3w itp. Realizujemy r\u00f3wnie\u017c kontrakty w formule \u201epod klucz\u201d.<\/p>\n<p>Nasi pracownicy to specjali\u015bci z wieloletnim do\u015bwiadczeniem, wymaganymi kwalifikacjami i uprawnieniami.<br \/>\nDysponujemy nowoczesnym sprz\u0119tem oraz stanowiskami do prefabrykacji i napraw rozdzielnic nN i SN a w\u0142asny dzia\u0142 projektowo-in\u017cynieryjny pozwala nam realizowa\u0107 projekty na najwy\u017cszym poziomie.<\/p>\n<p>Nasza dzia\u0142alno\u015b\u0107 regularnie zostaje doceniana przez r\u00f3\u017cnego rodzaju nagrody i certyfikaty.<\/p>\n<\/div><\/section><\/p><\/div>\n<div class='av-flex-placeholder'><\/div><div class=\"flex_column av_two_fifth  av-animated-generic pop-up  flex_column_table_cell av-equal-height-column av-align-middle av-zero-column-padding   avia-builder-el-6  el_after_av_three_fifth  el_before_av_hr   \" style='box-shadow: 0 0 25px 0 rgba(0,0,0,0.07); border-radius:0px; '><div class='avia-image-container avia_animated_image avia_animate_when_almost_visible fade-in av-styling-    avia-builder-el-7  avia-builder-el-no-sibling   avia-align-center '  itemprop=\"ImageObject\" itemscope=\"itemscope\" itemtype=\"https:\/\/schema.org\/ImageObject\"  ><div class='avia-image-container-inner'><div class='avia-image-overlay-wrap'><img class='avia_image' src='https:\/\/podar.pl\/wp-content\/uploads\/2021\/03\/Podar-7-scaled.jpg' alt='' title='Podar (7)' height=\"1849\" width=\"2560\"  itemprop=\"thumbnailUrl\"  \/><\/div><\/div><\/div><\/div><\/div><!--close column table wrapper. Autoclose: 1 -->\n<div  class='hr hr-full hr-no-shadow   avia-builder-el-8  el_after_av_two_fifth  el_before_av_one_full  '><span class='hr-inner ' ><span class='hr-inner-style'><\/span><\/span><\/div>\n<div class=\"flex_column av_one_full  av-animated-generic pop-up  flex_column_div av-zero-column-padding first  avia-builder-el-9  el_after_av_hr  el_before_av_section  avia-builder-el-last   \" style='border-radius:0px; '><div  data-autoplay='false'  data-interval='5'  data-animation='fade'  class='avia-logo-element-container av-border-deactivate avia-logo-grid avia-content-slider avia-smallarrow-slider avia-content-grid-active noHover avia-content-slider1 avia-content-slider-even  avia-builder-el-10  avia-builder-el-no-sibling  ' ><div class='avia-smallarrow-slider-heading  no-logo-slider-heading '><div class='new-special-heading'>&nbsp;<\/div><\/div><div class='avia-content-slider-inner'><div class='slide-entry-wrap' ><div  class='slide-entry flex_column no_margin post-entry slide-entry-overview slide-loop-1 slide-parity-odd  av_one_fourth first real-thumbnail'><span class='av-partner-fake-img' style='padding-bottom:26.666666666667%; background-image:url(https:\/\/podar.pl\/wp-content\/uploads\/2021\/02\/hilti-pxlr.png);'><\/span><\/div><div  class='slide-entry flex_column no_margin post-entry slide-entry-overview slide-loop-2 slide-parity-even  av_one_fourth  real-thumbnail'><span class='av-partner-fake-img' style='padding-bottom:26.666666666667%; background-image:url(https:\/\/podar.pl\/wp-content\/uploads\/2021\/02\/forbes-pxlr.png);'><\/span><\/div><div  class='slide-entry flex_column no_margin post-entry slide-entry-overview slide-loop-3 slide-parity-odd  av_one_fourth  real-thumbnail'><span class='av-partner-fake-img' style='padding-bottom:26.666666666667%; background-image:url(https:\/\/podar.pl\/wp-content\/uploads\/2021\/02\/firma-pxlr.png);'><\/span><\/div><div  class='slide-entry flex_column no_margin post-entry slide-entry-overview slide-loop-4 slide-parity-even  post-entry-last  av_one_fourth  real-thumbnail'><span class='av-partner-fake-img' style='padding-bottom:26.666666666667%; background-image:url(https:\/\/podar.pl\/wp-content\/uploads\/2021\/02\/laur-pxlr.png);'><\/span><\/div><\/div><\/div><\/div><\/div>\n<\/div><\/div><\/div><!-- close content main div --><\/div><\/div><div id='clients-section' class='avia-section main_color avia-section-large avia-no-border-styling avia-bg-style-scroll  avia-builder-el-11  el_after_av_one_full  el_before_av_section    container_wrap sidebar_right' style=' '  ><div class='container' ><div class='template-page content  av-content-small alpha units'><div class='post-entry post-entry-type-page post-entry-595'><div class='entry-content-wrapper clearfix'>\n<div class=\"flex_column av_one_fourth  flex_column_div av-zero-column-padding first  avia-builder-el-12  el_before_av_one_fourth  avia-builder-el-first  \" style='border-radius:0px; '><div  class=\"avia-animated-number av-force-default-color  avia-color-font-light  avia-builder-el-13  avia-builder-el-no-sibling   avia_animate_when_visible\" ><strong class=\"heading avia-animated-number-title\" style='font-size:40px'><span class=\"avia-single-number __av-single-number\" data-number=\"23\">23<\/span><\/strong><div class='avia-animated-number-content' style='font-size:20px'><p>lata<br \/>\ndo\u015bwiadczenia<\/p>\n<\/div><\/div><\/div><div class=\"flex_column av_one_fourth  flex_column_div av-zero-column-padding   avia-builder-el-14  el_after_av_one_fourth  el_before_av_one_fourth  \" style='border-radius:0px; '><div  class=\"avia-animated-number av-force-default-color  avia-color-font-light  avia-builder-el-15  avia-builder-el-no-sibling   avia_animate_when_visible\" ><strong class=\"heading avia-animated-number-title\" style='font-size:40px'><span class=\"avia-single-number __av-single-number\" data-number=\"60\">60<\/span><\/strong><div class='avia-animated-number-content' style='font-size:20px'><p>zatrudnionych pracownik\u00f3w<\/p>\n<\/div><\/div><\/div><div class=\"flex_column av_one_fourth  flex_column_div av-zero-column-padding   avia-builder-el-16  el_after_av_one_fourth  el_before_av_one_fourth  \" style='border-radius:0px; '><div  class=\"avia-animated-number av-force-default-color  avia-color-font-light  avia-builder-el-17  avia-builder-el-no-sibling   avia_animate_when_visible\" ><strong class=\"heading avia-animated-number-title\" style='font-size:40px'><span class=\"avia-single-number __av-single-number\" data-number=\"200\">200<\/span><\/strong><div class='avia-animated-number-content' style='font-size:20px'><p>zrealizowanych<br \/>\nprojekt\u00f3w<\/p>\n<\/div><\/div><\/div><div class=\"flex_column av_one_fourth  flex_column_div av-zero-column-padding   avia-builder-el-18  el_after_av_one_fourth  avia-builder-el-last  \" style='border-radius:0px; '><div  class=\"avia-animated-number av-force-default-color  avia-color-font-light  avia-builder-el-19  avia-builder-el-no-sibling   avia_animate_when_visible\" ><strong class=\"heading avia-animated-number-title\" style='font-size:40px'><span class=\"avia-single-number __av-single-number\" data-number=\"10\">10<\/span><\/strong><div class='avia-animated-number-content' style='font-size:20px'><p>projekt\u00f3w<br \/>\nrocznie<\/p>\n<\/div><\/div><\/div>\n\n<\/div><\/div><\/div><!-- close content main div --><\/div><\/div><div id='av_section_2' class='avia-section main_color avia-section-large avia-no-border-styling avia-bg-style-scroll  avia-builder-el-20  el_after_av_section  avia-builder-el-last    container_wrap sidebar_right' style=' '  ><div class='container' ><div class='template-page content  av-content-small alpha units'><div class='post-entry post-entry-type-page post-entry-595'><div class='entry-content-wrapper clearfix'>\n<section class=\"av_textblock_section \"  itemscope=\"itemscope\" itemtype=\"https:\/\/schema.org\/CreativeWork\" ><div class='avia_textblock  av_inherit_color '  style='font-size:32px; color:#ffffff; '  itemprop=\"text\" ><h2 style=\"text-align: center;\"><span style=\"color: #808080;\"><strong>Zaufali nam<\/strong><\/span><\/h2>\n<\/div><\/section>\n<div class=\"flex_column av_one_fifth  flex_column_div av-zero-column-padding avia-link-column av-column-link avia-link-column-hover first  avia-builder-el-22  el_after_av_textblock  el_before_av_one_fifth   column-top-margin\" style='border-radius:0px; ' data-link-column-url=\"https:\/\/podar.pl\/?page_id=989\" ><a class=\"av-screen-reader-only\" href=https:\/\/podar.pl\/?page_id=989 >Link to: Realizacje<\/a><div class='avia-image-container  av-styling-no-styling av-hover-grow   avia-builder-el-23  avia-builder-el-no-sibling   avia-align-center '  itemprop=\"ImageObject\" itemscope=\"itemscope\" itemtype=\"https:\/\/schema.org\/ImageObject\"  ><div class='avia-image-container-inner'><div class='avia-image-overlay-wrap'><img class='avia_image' src='https:\/\/podar.pl\/wp-content\/uploads\/2023\/06\/schneider-logo-bar-300x214.png' alt='' title='schneider-logo-bar' height=\"214\" width=\"300\"  itemprop=\"thumbnailUrl\"  \/><\/div><\/div><\/div><\/div><div class=\"flex_column av_one_fifth  flex_column_div av-zero-column-padding avia-link-column av-column-link avia-link-column-hover   avia-builder-el-24  el_after_av_one_fifth  el_before_av_one_fifth   column-top-margin\" style='border-radius:0px; ' data-link-column-url=\"https:\/\/podar.pl\/?page_id=989\" ><a class=\"av-screen-reader-only\" href=https:\/\/podar.pl\/?page_id=989 >Link to: Realizacje<\/a><div class='avia-image-container  av-styling-no-styling av-hover-grow   avia-builder-el-25  avia-builder-el-no-sibling   avia-align-center '  itemprop=\"ImageObject\" itemscope=\"itemscope\" itemtype=\"https:\/\/schema.org\/ImageObject\"  ><div class='avia-image-container-inner'><div class='avia-image-overlay-wrap'><img class='avia_image' src='https:\/\/podar.pl\/wp-content\/uploads\/2023\/06\/sokolow-logo-bar-300x214.png' alt='' title='sokolow-logo-bar' height=\"214\" width=\"300\"  itemprop=\"thumbnailUrl\"  \/><\/div><\/div><\/div><\/div><div class=\"flex_column av_one_fifth  flex_column_div av-zero-column-padding avia-link-column av-column-link avia-link-column-hover   avia-builder-el-26  el_after_av_one_fifth  el_before_av_one_fifth   column-top-margin\" style='border-radius:0px; ' data-link-column-url=\"https:\/\/podar.pl\/?page_id=989\" ><a class=\"av-screen-reader-only\" href=https:\/\/podar.pl\/?page_id=989 >Link to: Realizacje<\/a><div class='avia-image-container  av-styling-no-styling av-hover-grow   avia-builder-el-27  avia-builder-el-no-sibling   avia-align-center '  itemprop=\"ImageObject\" itemscope=\"itemscope\" itemtype=\"https:\/\/schema.org\/ImageObject\"  ><div class='avia-image-container-inner'><div class='avia-image-overlay-wrap'><img class='avia_image' src='https:\/\/podar.pl\/wp-content\/uploads\/2023\/06\/animex-logo-bar-300x214.png' alt='' title='animex-logo-bar' height=\"214\" width=\"300\"  itemprop=\"thumbnailUrl\"  \/><\/div><\/div><\/div><\/div><div class=\"flex_column av_one_fifth  flex_column_div av-zero-column-padding avia-link-column av-column-link avia-link-column-hover   avia-builder-el-28  el_after_av_one_fifth  el_before_av_one_fifth   column-top-margin\" style='border-radius:0px; ' data-link-column-url=\"https:\/\/podar.pl\/?page_id=989\" ><a class=\"av-screen-reader-only\" href=https:\/\/podar.pl\/?page_id=989 >Link to: Realizacje<\/a><div class='avia-image-container  av-styling-no-styling av-hover-grow   avia-builder-el-29  avia-builder-el-no-sibling   avia-align-center '  itemprop=\"ImageObject\" itemscope=\"itemscope\" itemtype=\"https:\/\/schema.org\/ImageObject\"  ><div class='avia-image-container-inner'><div class='avia-image-overlay-wrap'><img class='avia_image' src='https:\/\/podar.pl\/wp-content\/uploads\/2023\/06\/rossmann-logo-bar-300x214.png' alt='' title='rossmann-logo-bar' height=\"214\" width=\"300\"  itemprop=\"thumbnailUrl\"  \/><\/div><\/div><\/div><\/div><div class=\"flex_column av_one_fifth  flex_column_div av-zero-column-padding   avia-builder-el-30  el_after_av_one_fifth  avia-builder-el-last  column-top-margin\" style='border-radius:0px; '><div class='avia-image-container  av-styling-no-styling av-hover-grow   avia-builder-el-31  avia-builder-el-no-sibling   avia-align-center '  itemprop=\"ImageObject\" itemscope=\"itemscope\" itemtype=\"https:\/\/schema.org\/ImageObject\"  ><div class='avia-image-container-inner'><div class='avia-image-overlay-wrap'><img class='avia_image' src='https:\/\/podar.pl\/wp-content\/uploads\/2023\/06\/porr-logo-bar-300x214.png' alt='' title='porr-logo-bar' height=\"214\" width=\"300\"  itemprop=\"thumbnailUrl\"  \/><\/div><\/div><\/div><\/div>\n<\/div><\/div><\/div><!-- close content main div --><\/div><\/div><div id='after_section_2' class='main_color av_default_container_wrap container_wrap sidebar_right' style=' '  ><div class='container' ><div class='template-page content  av-content-small alpha units'><div class='post-entry post-entry-type-page post-entry-595'><div class='entry-content-wrapper clearfix'>\n","protected":false},"excerpt":{"rendered":"","protected":false},"author":1,"featured_media":0,"parent":0,"menu_order":0,"comment_status":"closed","ping_status":"closed","template":"","meta":[],"acf":[],"_links":{"self":[{"href":"https:\/\/podar.pl\/index.php?rest_route=\/wp\/v2\/pages\/595"}],"collection":[{"href":"https:\/\/podar.pl\/index.php?rest_route=\/wp\/v2\/pages"}],"about":[{"href":"https:\/\/podar.pl\/index.php?rest_route=\/wp\/v2\/types\/page"}],"author":[{"embeddable":true,"href":"https:\/\/podar.pl\/index.php?rest_route=\/wp\/v2\/users\/1"}],"replies":[{"embeddable":true,"href":"https:\/\/podar.pl\/index.php?rest_route=%2Fwp%2Fv2%2Fcomments&post=595"}],"version-history":[{"count":195,"href":"https:\/\/podar.pl\/index.php?rest_route=\/wp\/v2\/pages\/595\/revisions"}],"predecessor-version":[{"id":1460,"href":"https:\/\/podar.pl\/index.php?rest_route=\/wp\/v2\/pages\/595\/revisions\/1460"}],"wp:attachment":[{"href":"https:\/\/podar.pl\/index.php?rest_route=%2Fwp%2Fv2%2Fmedia&parent=595"}],"curies":[{"name":"wp","href":"https:\/\/api.w.org\/{rel}","templated":true}]}}